{"id":63,"date":"2025-03-28T13:52:55","date_gmt":"2025-03-28T16:52:55","guid":{"rendered":"https:\/\/cuscorebel.com\/?page_id=63"},"modified":"2025-06-13T10:39:59","modified_gmt":"2025-06-13T13:39:59","slug":"cusco-rebel","status":"publish","type":"page","link":"https:\/\/www.cuscorebel.com\/es\/cusco-rebel\/","title":{"rendered":"Cusco Rebel"},"content":{"rendered":"<div data-elementor-type=\"wp-page\" data-elementor-id=\"63\" class=\"elementor elementor-63\">\n\t\t\t\t<div class=\"elementor-element elementor-element-f38ce6a e-con-full e-flex e-con e-parent\" data-id=\"f38ce6a\" data-element_type=\"container\" data-e-type=\"container\" data-settings=\"{&quot;background_background&quot;:&quot;classic&quot;}\">\n\t\t\t\t<div class=\"elementor-element elementor-element-7427903 elementor-widget elementor-widget-heading\" data-id=\"7427903\" data-element_type=\"widget\" data-e-type=\"widget\" data-widget_type=\"heading.default\">\n\t\t\t\t<div class=\"elementor-widget-container\">\n\t\t\t\t\t<h1 class=\"elementor-heading-title elementor-size-default\">Cusco Rebel<\/h1>\t\t\t\t<\/div>\n\t\t\t\t<\/div>\n\t\t\t\t<\/div>\n\t\t<div class=\"elementor-element elementor-element-541ecd4 e-flex e-con-boxed e-con e-parent\" data-id=\"541ecd4\" data-element_type=\"container\" data-e-type=\"container\">\n\t\t\t\t\t<div class=\"e-con-inner\">\n\t\t\t\t<div class=\"elementor-element elementor-element-01601b7 elementor-widget elementor-widget-text-editor\" data-id=\"01601b7\" data-element_type=\"widget\" data-e-type=\"widget\" data-widget_type=\"text-editor.default\">\n\t\t\t\t<div class=\"elementor-widget-container\">\n\t\t\t\t\t\t\t\t\t<p>Cusco Rebel es un artista visual multidisciplinario que ve el arte como una herramienta poderosa de sanaci\u00f3n y transformaci\u00f3n. Nacido en Rio Grande (RS) y residente en S\u00e3o Paulo desde hace 12 a\u00f1os, construy\u00f3 una carrera \u00fanica, marcada por la fusi\u00f3n de diferentes t\u00e9cnicas y soportes, siempre en busca de lo inesperado. Su obra refleja su inquietud y su necesidad de expresar una visi\u00f3n cr\u00edtica y sensible del mundo, mezclando influencias urbanas, surrealismo y elementos simb\u00f3licos.<\/p><p>Desde temprana edad, Cusco Rebel mostr\u00f3 inter\u00e9s por el arte, experimentando con diferentes materiales y lenguajes. Su formaci\u00f3n fue autodidacta, guiada por la curiosidad y el deseo de explorar la expresi\u00f3n visual de forma libre y aut\u00f3noma. Su carrera art\u00edstica se gest\u00f3 en la calle, donde el grafiti y la intervenci\u00f3n urbana se convirtieron en sus primeras grandes herramientas de comunicaci\u00f3n. Con el tiempo, ampli\u00f3 su repertorio, a\u00f1adiendo pintura acr\u00edlica, est\u00e9ncil, collage, ensamblaje y pintura en aerosol a su arsenal creativo.<\/p><p>Esta intensa experimentaci\u00f3n hace que su obra no se limite s\u00f3lo al lienzo o al muro, sino que invada nuevos soportes. Cusco Rebel redefine objetos, muebles, accesorios y hasta autom\u00f3viles, transformando objetos cotidianos en verdaderas obras de arte. Para \u00e9l, cualquier superficie puede ser un espacio de expresi\u00f3n, y este enfoque ayuda a que su obra llegue a una diversidad de p\u00fablicos y contextos, acercando el arte a la vida real.<\/p><p>Sus s\u00edmbolos m\u00e1s llamativos, como calaveras y barcos voladores, son elementos centrales en su narrativa visual. Las calaveras surgen como un recordatorio irrefutable de la igualdad: sin color, g\u00e9nero o estatus, representan la esencia universal de la existencia humana. \u201cAl final, todo el mundo es una peque\u00f1a calavera\u201d, provoca el artista, reforzando su discurso sobre la fugacidad de la vida y la ilusi\u00f3n de las diferencias sociales.<\/p><p>Los hidroaviones, a su vez, simbolizan la libertad, los sue\u00f1os y el viaje de la vida. El concepto \u201cBarco de los Sue\u00f1os\u201d, uno de los pilares de su creaci\u00f3n, representa un viaje l\u00fadico por la existencia, una invitaci\u00f3n a ver la vida con ligereza y poes\u00eda, pero tambi\u00e9n como un desaf\u00edo constante a la realidad. \u201c\u00c9ste es el poder subversivo del arte que tanto me gusta: \u00a1crear nuevas realidades!\u201d, dice Cusco Rebel. Para \u00e9l, el arte tiene el potencial de deconstruir paradigmas y transformar percepciones, ofreciendo nuevas formas de entender el mundo que nos rodea.<\/p><p>La expansi\u00f3n de su arte lo ha llevado a cruzar fronteras, dejando su firma en callejones de Venice Beach, California, as\u00ed como en edificios y espacios ic\u00f3nicos de Nueva York y Wynwood, Miami. Sus creaciones, siempre llenas de identidad y simbolismo, han ganado admiradores en varios pa\u00edses, consolidando su nombre en la escena internacional del arte urbano.<\/p><p>Adem\u00e1s de intervenciones en espacios y objetos urbanos, Cusco Rebel tambi\u00e9n se dedica a producir exposiciones y colaborar con otras \u00e1reas creativas. Su trabajo ha aparecido en galer\u00edas y eventos culturales, y sus colaboraciones con marcas y dise\u00f1adores han llevado su inconfundible est\u00e9tica a nuevos territorios. Cree que el arte no debe restringirse a un nicho, sino ser accesible y conectarse con diferentes realidades y p\u00fablicos.<\/p><p>Con un estilo aut\u00e9ntico y un lenguaje visual que mezcla irreverencia y profundidad, Cusco Rebel contin\u00faa expandiendo su arte hacia nuevos territorios, explorando materiales, soportes y conceptos. Su carrera es un testimonio del poder de la creatividad y la libertad art\u00edstica, demostrando que la expresi\u00f3n no conoce l\u00edmites y que el arte puede transformar espacios, perspectivas y percepciones dondequiera que vaya.<\/p>\t\t\t\t\t\t\t\t<\/div>\n\t\t\t\t<\/div>\n\t\t\t\t\t<\/div>\n\t\t\t\t<\/div>\n\t\t\t\t<\/div>","protected":false},"excerpt":{"rendered":"<p>Sobre o Artista Cusco Rebel \u00e9 um artista visual multidisciplinar que enxerga a arte como uma ferramenta poderosa de cura [&hellip;]<\/p>\n","protected":false},"author":3,"featured_media":0,"parent":0,"menu_order":0,"comment_status":"closed","ping_status":"closed","template":"elementor_header_footer","meta":{"site-sidebar-layout":"no-sidebar","site-content-layout":"","ast-site-content-layout":"full-width-container","site-content-style":"default","site-sidebar-style":"default","ast-global-header-display":"","ast-banner-title-visibility":"","ast-main-header-display":"","ast-hfb-above-header-display":"","ast-hfb-below-header-display":"","ast-hfb-mobile-header-display":"","site-post-title":"disabled","ast-breadcrumbs-content":"","ast-featured-img":"disabled","footer-sml-layout":"","ast-disable-related-posts":"","theme-transparent-header-meta":"default","adv-header-id-meta":"","stick-header-meta":"","header-above-stick-meta":"","header-main-stick-meta":"","header-below-stick-meta":"","astra-migrate-meta-layouts":"set","ast-page-background-enabled":"default","ast-page-background-meta":{"desktop":{"background-color":"var(--ast-global-color-5)","background-image":"","background-repeat":"repeat","background-position":"center center","background-size":"auto","background-attachment":"scroll","background-type":"","background-media":"","overlay-type":"","overlay-color":"","overlay-opacity":"","overlay-gradient":""},"tablet":{"background-color":"","background-image":"","background-repeat":"repeat","background-position":"center center","background-size":"auto","background-attachment":"scroll","background-type":"","background-media":"","overlay-type":"","overlay-color":"","overlay-opacity":"","overlay-gradient":""},"mobile":{"background-color":"","background-image":"","background-repeat":"repeat","background-position":"center center","background-size":"auto","background-attachment":"scroll","background-type":"","background-media":"","overlay-type":"","overlay-color":"","overlay-opacity":"","overlay-gradient":""}},"ast-content-background-meta":{"desktop":{"background-color":"var(--ast-global-color-4)","background-image":"","background-repeat":"repeat","background-position":"center center","background-size":"auto","background-attachment":"scroll","background-type":"","background-media":"","overlay-type":"","overlay-color":"","overlay-opacity":"","overlay-gradient":""},"tablet":{"background-color":"var(--ast-global-color-4)","background-image":"","background-repeat":"repeat","background-position":"center center","background-size":"auto","background-attachment":"scroll","background-type":"","background-media":"","overlay-type":"","overlay-color":"","overlay-opacity":"","overlay-gradient":""},"mobile":{"background-color":"var(--ast-global-color-4)","background-image":"","background-repeat":"repeat","background-position":"center center","background-size":"auto","background-attachment":"scroll","background-type":"","background-media":"","overlay-type":"","overlay-color":"","overlay-opacity":"","overlay-gradient":""}},"_joinchat":[],"footnotes":""},"class_list":["post-63","page","type-page","status-publish","hentry"],"aioseo_notices":[],"jetpack_sharing_enabled":true,"_links":{"self":[{"href":"https:\/\/www.cuscorebel.com\/es\/wp-json\/wp\/v2\/pages\/63","targetHints":{"allow":["GET"]}}],"collection":[{"href":"https:\/\/www.cuscorebel.com\/es\/wp-json\/wp\/v2\/pages"}],"about":[{"href":"https:\/\/www.cuscorebel.com\/es\/wp-json\/wp\/v2\/types\/page"}],"author":[{"embeddable":true,"href":"https:\/\/www.cuscorebel.com\/es\/wp-json\/wp\/v2\/users\/3"}],"replies":[{"embeddable":true,"href":"https:\/\/www.cuscorebel.com\/es\/wp-json\/wp\/v2\/comments?post=63"}],"version-history":[{"count":14,"href":"https:\/\/www.cuscorebel.com\/es\/wp-json\/wp\/v2\/pages\/63\/revisions"}],"predecessor-version":[{"id":894,"href":"https:\/\/www.cuscorebel.com\/es\/wp-json\/wp\/v2\/pages\/63\/revisions\/894"}],"wp:attachment":[{"href":"https:\/\/www.cuscorebel.com\/es\/wp-json\/wp\/v2\/media?parent=63"}],"curies":[{"name":"wp","href":"https:\/\/api.w.org\/{rel}","templated":true}]}}