{"id":63,"date":"2025-03-28T13:52:55","date_gmt":"2025-03-28T16:52:55","guid":{"rendered":"https:\/\/cuscorebel.com\/?page_id=63"},"modified":"2025-06-13T10:39:59","modified_gmt":"2025-06-13T13:39:59","slug":"cusco-rebel","status":"publish","type":"page","link":"https:\/\/www.cuscorebel.com\/fr\/cusco-rebel\/","title":{"rendered":"Cusco Rebel"},"content":{"rendered":"<div data-elementor-type=\"wp-page\" data-elementor-id=\"63\" class=\"elementor elementor-63\">\n\t\t\t\t<div class=\"elementor-element elementor-element-f38ce6a e-con-full e-flex e-con e-parent\" data-id=\"f38ce6a\" data-element_type=\"container\" data-e-type=\"container\" data-settings=\"{&quot;background_background&quot;:&quot;classic&quot;}\">\n\t\t\t\t<div class=\"elementor-element elementor-element-7427903 elementor-widget elementor-widget-heading\" data-id=\"7427903\" data-element_type=\"widget\" data-e-type=\"widget\" data-widget_type=\"heading.default\">\n\t\t\t\t<div class=\"elementor-widget-container\">\n\t\t\t\t\t<h1 class=\"elementor-heading-title elementor-size-default\">Cusco Rebel<\/h1>\t\t\t\t<\/div>\n\t\t\t\t<\/div>\n\t\t\t\t<\/div>\n\t\t<div class=\"elementor-element elementor-element-541ecd4 e-flex e-con-boxed e-con e-parent\" data-id=\"541ecd4\" data-element_type=\"container\" data-e-type=\"container\">\n\t\t\t\t\t<div class=\"e-con-inner\">\n\t\t\t\t<div class=\"elementor-element elementor-element-01601b7 elementor-widget elementor-widget-text-editor\" data-id=\"01601b7\" data-element_type=\"widget\" data-e-type=\"widget\" data-widget_type=\"text-editor.default\">\n\t\t\t\t<div class=\"elementor-widget-container\">\n\t\t\t\t\t\t\t\t\t<p>Cusco Rebel est un artiste visuel multidisciplinaire qui consid\u00e8re l\u2019art comme un outil puissant de gu\u00e9rison et de transformation. N\u00e9 \u00e0 Rio Grande (RS) et vivant \u00e0 S\u00e3o Paulo depuis 12 ans, il a construit une carri\u00e8re unique, marqu\u00e9e par la fusion de diff\u00e9rentes techniques et supports, toujours \u00e0 la recherche de l&#039;inattendu. Son travail refl\u00e8te son inqui\u00e9tude et son besoin d\u2019exprimer un regard critique et sensible sur le monde, m\u00ealant influences urbaines, surr\u00e9alisme et \u00e9l\u00e9ments symboliques.<\/p><p>D\u00e8s son plus jeune \u00e2ge, Cusco Rebel a montr\u00e9 un int\u00e9r\u00eat pour l&#039;art, exp\u00e9rimentant diff\u00e9rents mat\u00e9riaux et langages. Sa formation s&#039;est faite en autodidacte, guid\u00e9e par la curiosit\u00e9 et l&#039;envie d&#039;explorer l&#039;expression visuelle de mani\u00e8re libre et autonome. Sa carri\u00e8re artistique prend forme dans la rue, o\u00f9 le graffiti et l\u2019intervention urbaine deviennent ses premiers grands outils de communication. Au fil du temps, il a \u00e9largi son r\u00e9pertoire, ajoutant la peinture acrylique, le pochoir, le collage, l\u2019assemblage et la peinture en a\u00e9rosol \u00e0 son arsenal cr\u00e9atif.<\/p><p>Cette exp\u00e9rimentation intense fait que son travail ne se limite pas aux seules toiles ou aux murs, mais envahit \u00e9galement de nouveaux supports. Cusco Rebel red\u00e9finit les objets, les meubles, les accessoires et m\u00eame les voitures, transformant les objets du quotidien en v\u00e9ritables \u0153uvres d&#039;art. Pour lui, toute surface peut \u00eatre un espace d\u2019expression, et cette approche permet \u00e0 son travail d\u2019atteindre une diversit\u00e9 de publics et de contextes, rapprochant l\u2019art de la vie r\u00e9elle.<\/p><p>Ses symboles les plus marquants, tels que les cr\u00e2nes et les bateaux volants, sont des \u00e9l\u00e9ments centraux de son r\u00e9cit visuel. Les cr\u00e2nes apparaissent comme un rappel irr\u00e9futable de l\u2019\u00e9galit\u00e9 : sans couleur, sans sexe ni statut, ils repr\u00e9sentent l\u2019essence universelle de l\u2019existence humaine. \u00ab Au final, tout le monde est un petit cr\u00e2ne \u00bb, provoque l\u2019artiste, renfor\u00e7ant son discours sur la fugacit\u00e9 de la vie et l\u2019illusion des diff\u00e9rences sociales.<\/p><p>Les bateaux volants, \u00e0 leur tour, symbolisent la libert\u00e9, les r\u00eaves et le voyage de la vie. Le concept \u00ab Bateau des R\u00eaves \u00bb, l\u2019un des piliers de sa cr\u00e9ation, repr\u00e9sente un voyage ludique \u00e0 travers l\u2019existence, une invitation \u00e0 voir la vie avec l\u00e9g\u00e8ret\u00e9 et po\u00e9sie, mais aussi comme un d\u00e9fi constant \u00e0 la r\u00e9alit\u00e9. \u00ab C\u2019est le pouvoir subversif de l\u2019art que j\u2019aime tant : cr\u00e9er de nouvelles r\u00e9alit\u00e9s ! \u00bb, dit Cusco Rebel. Pour lui, l\u2019art a le potentiel de d\u00e9construire les paradigmes et de transformer les perceptions, offrant de nouvelles fa\u00e7ons de comprendre le monde qui nous entoure.<\/p><p>L\u2019expansion de son art l\u2019a conduit \u00e0 traverser les fronti\u00e8res, laissant sa signature sur les ruelles de Venice Beach, en Californie, ainsi que sur des b\u00e2timents et des espaces embl\u00e9matiques de New York et de Wynwood, \u00e0 Miami. Ses cr\u00e9ations, toujours charg\u00e9es d\u2019identit\u00e9 et de symbolisme, ont conquis des admirateurs dans plusieurs pays, consolidant son nom sur la sc\u00e8ne internationale de l\u2019art urbain.<\/p><p>En plus des interventions dans les espaces et objets urbains, Cusco Rebel se consacre \u00e9galement \u00e0 la production d&#039;expositions et \u00e0 la collaboration avec d&#039;autres domaines cr\u00e9atifs. Son travail a \u00e9t\u00e9 pr\u00e9sent\u00e9 dans des galeries et des \u00e9v\u00e9nements culturels, et ses collaborations avec des marques et des designers ont propuls\u00e9 son esth\u00e9tique incomparable vers de nouveaux territoires. Il estime que l\u2019art ne doit pas \u00eatre limit\u00e9 \u00e0 une niche, mais plut\u00f4t \u00eatre accessible et s\u2019adresser \u00e0 diff\u00e9rentes r\u00e9alit\u00e9s et publics.<\/p><p>Avec un style authentique et un langage visuel qui m\u00e9lange irr\u00e9v\u00e9rence et profondeur, Cusco Rebel continue d&#039;\u00e9tendre son art vers de nouveaux territoires, explorant mat\u00e9riaux, supports et concepts. Sa carri\u00e8re t\u00e9moigne du pouvoir de la cr\u00e9ativit\u00e9 et de la libert\u00e9 artistique, prouvant que l\u2019expression ne conna\u00eet pas de limites et que l\u2019art peut transformer les espaces, les perspectives et les perceptions partout o\u00f9 il va.<\/p>\t\t\t\t\t\t\t\t<\/div>\n\t\t\t\t<\/div>\n\t\t\t\t\t<\/div>\n\t\t\t\t<\/div>\n\t\t\t\t<\/div>","protected":false},"excerpt":{"rendered":"<p>Sobre o Artista Cusco Rebel \u00e9 um artista visual multidisciplinar que enxerga a arte como uma ferramenta poderosa de cura [&hellip;]<\/p>\n","protected":false},"author":3,"featured_media":0,"parent":0,"menu_order":0,"comment_status":"closed","ping_status":"closed","template":"elementor_header_footer","meta":{"site-sidebar-layout":"no-sidebar","site-content-layout":"","ast-site-content-layout":"full-width-container","site-content-style":"default","site-sidebar-style":"default","ast-global-header-display":"","ast-banner-title-visibility":"","ast-main-header-display":"","ast-hfb-above-header-display":"","ast-hfb-below-header-display":"","ast-hfb-mobile-header-display":"","site-post-title":"disabled","ast-breadcrumbs-content":"","ast-featured-img":"disabled","footer-sml-layout":"","ast-disable-related-posts":"","theme-transparent-header-meta":"default","adv-header-id-meta":"","stick-header-meta":"","header-above-stick-meta":"","header-main-stick-meta":"","header-below-stick-meta":"","astra-migrate-meta-layouts":"set","ast-page-background-enabled":"default","ast-page-background-meta":{"desktop":{"background-color":"var(--ast-global-color-5)","background-image":"","background-repeat":"repeat","background-position":"center center","background-size":"auto","background-attachment":"scroll","background-type":"","background-media":"","overlay-type":"","overlay-color":"","overlay-opacity":"","overlay-gradient":""},"tablet":{"background-color":"","background-image":"","background-repeat":"repeat","background-position":"center center","background-size":"auto","background-attachment":"scroll","background-type":"","background-media":"","overlay-type":"","overlay-color":"","overlay-opacity":"","overlay-gradient":""},"mobile":{"background-color":"","background-image":"","background-repeat":"repeat","background-position":"center center","background-size":"auto","background-attachment":"scroll","background-type":"","background-media":"","overlay-type":"","overlay-color":"","overlay-opacity":"","overlay-gradient":""}},"ast-content-background-meta":{"desktop":{"background-color":"var(--ast-global-color-4)","background-image":"","background-repeat":"repeat","background-position":"center center","background-size":"auto","background-attachment":"scroll","background-type":"","background-media":"","overlay-type":"","overlay-color":"","overlay-opacity":"","overlay-gradient":""},"tablet":{"background-color":"var(--ast-global-color-4)","background-image":"","background-repeat":"repeat","background-position":"center center","background-size":"auto","background-attachment":"scroll","background-type":"","background-media":"","overlay-type":"","overlay-color":"","overlay-opacity":"","overlay-gradient":""},"mobile":{"background-color":"var(--ast-global-color-4)","background-image":"","background-repeat":"repeat","background-position":"center center","background-size":"auto","background-attachment":"scroll","background-type":"","background-media":"","overlay-type":"","overlay-color":"","overlay-opacity":"","overlay-gradient":""}},"_joinchat":[],"footnotes":""},"class_list":["post-63","page","type-page","status-publish","hentry"],"aioseo_notices":[],"jetpack_sharing_enabled":true,"_links":{"self":[{"href":"https:\/\/www.cuscorebel.com\/fr\/wp-json\/wp\/v2\/pages\/63","targetHints":{"allow":["GET"]}}],"collection":[{"href":"https:\/\/www.cuscorebel.com\/fr\/wp-json\/wp\/v2\/pages"}],"about":[{"href":"https:\/\/www.cuscorebel.com\/fr\/wp-json\/wp\/v2\/types\/page"}],"author":[{"embeddable":true,"href":"https:\/\/www.cuscorebel.com\/fr\/wp-json\/wp\/v2\/users\/3"}],"replies":[{"embeddable":true,"href":"https:\/\/www.cuscorebel.com\/fr\/wp-json\/wp\/v2\/comments?post=63"}],"version-history":[{"count":14,"href":"https:\/\/www.cuscorebel.com\/fr\/wp-json\/wp\/v2\/pages\/63\/revisions"}],"predecessor-version":[{"id":894,"href":"https:\/\/www.cuscorebel.com\/fr\/wp-json\/wp\/v2\/pages\/63\/revisions\/894"}],"wp:attachment":[{"href":"https:\/\/www.cuscorebel.com\/fr\/wp-json\/wp\/v2\/media?parent=63"}],"curies":[{"name":"wp","href":"https:\/\/api.w.org\/{rel}","templated":true}]}}