{"id":747,"date":"2025-03-29T17:16:16","date_gmt":"2025-03-29T20:16:16","guid":{"rendered":"https:\/\/cuscorebel.com\/?post_type=product&#038;p=747"},"modified":"2026-01-21T17:44:30","modified_gmt":"2026-01-21T20:44:30","slug":"energie-verte-verte","status":"publish","type":"product","link":"https:\/\/www.cuscorebel.com\/fr\/produit\/energie-verte-verte\/","title":{"rendered":"\u00c9nergie verte verte"},"content":{"rendered":"<p>Apportez un symbole de r\u00e9sistance et de connexion avec la nature \u00e0 votre maison ou \u00e0 votre bureau ! Ce vase en r\u00e9sine en forme de cr\u00e2ne, peint \u00e0 la main, est plus qu&#039;un simple objet d\u00e9coratif : c&#039;est une expression du concept Green Power, qui c\u00e9l\u00e8bre la libert\u00e9, la durabilit\u00e9 et le respect de la biodiversit\u00e9. Sign\u00e9e par l&#039;artiste Cusco Rebel, chaque pi\u00e8ce est unique, apportant personnalit\u00e9 et attitude \u00e0 votre espace. Mesurant 8x10x7 cm et pesant environ 100g, il est parfait pour les plantes succulentes et les petites plantes. Ajoutez de l\u2019art, du sens et du style \u00e0 votre d\u00e9cor !<\/p>","protected":false},"excerpt":{"rendered":"<p>Apportez un symbole de r\u00e9sistance et de connexion avec la nature \u00e0 votre maison ou \u00e0 votre bureau ! Ce vase en r\u00e9sine en forme de cr\u00e2ne, peint \u00e0 la main, est plus qu&#039;un simple objet d\u00e9coratif : c&#039;est une expression du concept Green Power, qui c\u00e9l\u00e8bre la libert\u00e9, la durabilit\u00e9 et le respect de la biodiversit\u00e9. Sign\u00e9e par l&#039;artiste Cusco Rebel, chaque pi\u00e8ce est unique, apportant personnalit\u00e9 et attitude \u00e0 votre espace. Mesurant 8x10x7 cm et pesant environ 100g, il est parfait pour les plantes succulentes et les petites plantes. Ajoutez de l\u2019art, du sens et du style \u00e0 votre d\u00e9cor !<\/p>","protected":false},"featured_media":748,"template":"","meta":{"site-sidebar-layout":"default","site-content-layout":"","ast-site-content-layout":"default","site-content-style":"default","site-sidebar-style":"default","ast-global-header-display":"","ast-banner-title-visibility":"","ast-main-header-display":"","ast-hfb-above-header-display":"","ast-hfb-below-header-display":"","ast-hfb-mobile-header-display":"","site-post-title":"","ast-breadcrumbs-content":"","ast-featured-img":"","footer-sml-layout":"","ast-disable-related-posts":"","theme-transparent-header-meta":"default","adv-header-id-meta":"","stick-header-meta":"","header-above-stick-meta":"","header-main-stick-meta":"","header-below-stick-meta":"","astra-migrate-meta-layouts":"set","ast-page-background-enabled":"default","ast-page-background-meta":{"desktop":{"background-color":"var(--ast-global-color-5)","background-image":"","background-repeat":"repeat","background-position":"center center","background-size":"auto","background-attachment":"scroll","background-type":"","background-media":"","overlay-type":"","overlay-color":"","overlay-opacity":"","overlay-gradient":""},"tablet":{"background-color":"","background-image":"","background-repeat":"repeat","background-position":"center center","background-size":"auto","background-attachment":"scroll","background-type":"","background-media":"","overlay-type":"","overlay-color":"","overlay-opacity":"","overlay-gradient":""},"mobile":{"background-color":"","background-image":"","background-repeat":"repeat","background-position":"center center","background-size":"auto","background-attachment":"scroll","background-type":"","background-media":"","overlay-type":"","overlay-color":"","overlay-opacity":"","overlay-gradient":""}},"ast-content-background-meta":{"desktop":{"background-color":"var(--ast-global-color-4)","background-image":"","background-repeat":"repeat","background-position":"center center","background-size":"auto","background-attachment":"scroll","background-type":"","background-media":"","overlay-type":"","overlay-color":"","overlay-opacity":"","overlay-gradient":""},"tablet":{"background-color":"var(--ast-global-color-4)","background-image":"","background-repeat":"repeat","background-position":"center center","background-size":"auto","background-attachment":"scroll","background-type":"","background-media":"","overlay-type":"","overlay-color":"","overlay-opacity":"","overlay-gradient":""},"mobile":{"background-color":"var(--ast-global-color-4)","background-image":"","background-repeat":"repeat","background-position":"center center","background-size":"auto","background-attachment":"scroll","background-type":"","background-media":"","overlay-type":"","overlay-color":"","overlay-opacity":"","overlay-gradient":""}},"_joinchat":[]},"product_brand":[],"product_cat":[15],"product_tag":[],"class_list":{"0":"post-747","1":"product","2":"type-product","3":"status-publish","4":"has-post-thumbnail","6":"product_cat-loja-do-cusco","7":"desktop-align-left","8":"tablet-align-left","9":"mobile-align-left","11":"first","12":"instock","13":"shipping-taxable","14":"product-type-external"},"aioseo_notices":[],"jetpack_sharing_enabled":true,"_links":{"self":[{"href":"https:\/\/www.cuscorebel.com\/fr\/wp-json\/wp\/v2\/product\/747","targetHints":{"allow":["GET"]}}],"collection":[{"href":"https:\/\/www.cuscorebel.com\/fr\/wp-json\/wp\/v2\/product"}],"about":[{"href":"https:\/\/www.cuscorebel.com\/fr\/wp-json\/wp\/v2\/types\/product"}],"wp:featuredmedia":[{"embeddable":true,"href":"https:\/\/www.cuscorebel.com\/fr\/wp-json\/wp\/v2\/media\/748"}],"wp:attachment":[{"href":"https:\/\/www.cuscorebel.com\/fr\/wp-json\/wp\/v2\/media?parent=747"}],"wp:term":[{"taxonomy":"product_brand","embeddable":true,"href":"https:\/\/www.cuscorebel.com\/fr\/wp-json\/wp\/v2\/product_brand?post=747"},{"taxonomy":"product_cat","embeddable":true,"href":"https:\/\/www.cuscorebel.com\/fr\/wp-json\/wp\/v2\/product_cat?post=747"},{"taxonomy":"product_tag","embeddable":true,"href":"https:\/\/www.cuscorebel.com\/fr\/wp-json\/wp\/v2\/product_tag?post=747"}],"curies":[{"name":"wp","href":"https:\/\/api.w.org\/{rel}","templated":true}]}}